{"id":16,"date":"2021-03-01T08:49:02","date_gmt":"2021-03-01T07:49:02","guid":{"rendered":"http:\/\/unser-landvolk.de\/?page_id=16"},"modified":"2021-05-07T15:20:31","modified_gmt":"2021-05-07T13:20:31","slug":"ueber-uns","status":"publish","type":"page","link":"https:\/\/unser-landvolk.de\/?page_id=16","title":{"rendered":"Lebensaufgabe Landwirtschaft"},"content":{"rendered":"\n<div class=\"wp-block-columns is-layout-flex wp-container-core-columns-is-layout-9d6595d7 wp-block-columns-is-layout-flex\">\n<div class=\"wp-block-column is-layout-flow wp-block-column-is-layout-flow\" style=\"flex-basis:100%\">\n<div class=\"wp-block-columns is-layout-flex wp-container-core-columns-is-layout-9d6595d7 wp-block-columns-is-layout-flex\">\n<div class=\"wp-block-column is-vertically-aligned-top is-layout-flow wp-block-column-is-layout-flow\" style=\"flex-basis:100%\">\n<div class=\"wp-block-columns is-layout-flex wp-container-core-columns-is-layout-9d6595d7 wp-block-columns-is-layout-flex\">\n<div class=\"wp-block-column is-layout-flow wp-block-column-is-layout-flow\" style=\"flex-basis:50%\">\n<div class=\"wp-block-image\"><figure class=\"aligncenter size-large\"><img loading=\"lazy\" decoding=\"async\" width=\"250\" height=\"234\" src=\"http:\/\/unser-landvolk.de\/wp-content\/uploads\/2021\/05\/Dirk-2020-1.jpg\" alt=\"\" class=\"wp-image-499\"\/><figcaption><strong>Dirk Sassmann <br><\/strong>Redaktionsleitung Schaumburger Wochenblatt<\/figcaption><\/figure><\/div>\n\n\n\n<p><\/p>\n<\/div>\n\n\n\n<div class=\"wp-block-column is-vertically-aligned-center is-layout-flow wp-block-column-is-layout-flow\" style=\"flex-basis:50%\">\n<p>Auf unserer Titelseite \u201eUnser Landvolk\u201c ist eine junge Landwirtin zu sehen. In einem mit ihr gef\u00fchrten Interview beleuchten wir Themen wie Ausbildung oder auch Sorgen des Nachwuchses in der Landwirtschaft. Einfach bewusst machen was zu diesem Job, dieser Lebensaufgabe, dazu geh\u00f6rt. Die Entwicklung im Bereich der Technik ist rasant, Drohnen werden in Teilen bereits unterst\u00fctzend eingesetzt. Auch der Klimawandel wird die Landwirtinnen und Landwirte mehr besch\u00e4ftigen. Genauso wird auch die kaufm\u00e4nnische Seite dieses Jobs eine Herausforderung werden: Reichen die Ertr\u00e4ge aus? Faire Wettbewerbsbedingungen werden gefordert, daran haben auch wir Verbraucher unseren Anteil. Ich m\u00f6chte auch die M\u00f6glichkeit nutzen, auf die Homepage www.unser-landvolk.de, hinzuweisen. Diese geht mit dieser Ausgabe \u201eUnser Landvolk\u201c zeitgleich an den Start. Auch auf der Facebookseite des Schaumburger Wochenblattes werden Informationen gepostet.<\/p>\n<\/div>\n<\/div>\n<\/div>\n<\/div>\n<\/div>\n<\/div>\n\n\n\n<p style=\"font-size:24px\"><strong>Fortschritt bietet Chancen f\u00fcr alle<\/strong><\/p>\n\n\n\n<div class=\"wp-block-columns is-layout-flex wp-container-core-columns-is-layout-9d6595d7 wp-block-columns-is-layout-flex\">\n<div class=\"wp-block-column is-layout-flow wp-block-column-is-layout-flow\" style=\"flex-basis:50%\">\n<p>Der Arbeitsalltag von vielen Landwirtinnen und Landwirten wird immer digitaler. Viele nutzen zum Beispiel elektronische Schlagkarteien, in der Tierhaltung halten zunehmend digitale Herdenmanagementsysteme Einzug und auch sonst laufen D\u00fcngedokumentation und gesetzliche Meldepflichten inzwischen weitgehend \u00fcber den elektronischen Datenaustausch. Wie kaum eine andere Branche hat sich die Landwirtschaft in Deutschland in den vergangenen f\u00fcnfzig Jahren fundamental gewandelt. So f\u00fchrten die Intensivierung und Spezialisierung der landwirtschaftlichen Arbeitsprozesse zu einer Vervielfachung der Produktivit\u00e4t. M\u00f6glich machte dies nicht zuletzt die immense Technisierung. Eng verbunden ist dieser Fortschritt mit der zunehmenden Digitalisierung. Dank hochpr\u00e4ziser Sensoren, Drohnen und teilfl\u00e4chenspezifischer Bewirtschaftung ist die Landwirtschaft inzwischen sogar zu einem Treiber der Digitalisierung geworden. Dem gegen\u00fcber steht ein oftmals verkl\u00e4rtes Bild von Landwirtschaft, in der die Besch\u00e4ftigten am besten noch mit Pferd und Pflug auf dem Felde arbeiten (sollten). Doch diese Sehnsucht nach einem Landidyll, sofern das Landleben \u00fcberhaupt jemals idyllisch war, kann uns nicht alle ern\u00e4hren. \u201eLandwirtschaft 4.0\u201c bietet dagegen L\u00f6sungen an, wie die Erwartungen der Gesellschaft an eine gesicherte Eigenversorgung mit hochwertigen Lebensmitteln, mehr Tierwohl und eine umweltschonendere Landbewirtschaftung erf\u00fcllt werden k\u00f6nnen und f\u00fcr die landwirtschaftlichen Betriebe wirtschaftlich machbar sind.<\/p>\n<\/div>\n\n\n\n<div class=\"wp-block-column is-layout-flow wp-block-column-is-layout-flow\" style=\"flex-basis:50%\">\n<div class=\"wp-block-image\"><figure class=\"aligncenter size-large\"><img loading=\"lazy\" decoding=\"async\" width=\"300\" height=\"278\" src=\"http:\/\/unser-landvolk.de\/wp-content\/uploads\/2021\/05\/Henning-Bruenjes.jpg\" alt=\"\" class=\"wp-image-438\"\/><figcaption><strong>Henning Br\u00fcnjes<br><\/strong>Gesch\u00e4ftsf\u00fchrer Landvolk<\/figcaption><\/figure><\/div>\n<\/div>\n<\/div>\n","protected":false},"excerpt":{"rendered":"<p>Auf unserer Titelseite \u201eUnser Landvolk\u201c ist eine junge Landwirtin zu sehen. In einem mit ihr gef\u00fchrten Interview beleuchten wir Themen wie Ausbildung oder auch Sorgen des Nachwuchses in der Landwirtschaft. Einfach bewusst machen was zu diesem Job, dieser Lebensaufgabe, dazu geh\u00f6rt. Die Entwicklung im Bereich der Technik ist rasant, Drohnen [&hellip;]<\/p>\n","protected":false},"author":1,"featured_media":0,"parent":0,"menu_order":0,"comment_status":"closed","ping_status":"closed","template":"","meta":{"_monsterinsights_skip_tracking":false,"_monsterinsights_sitenote_active":false,"_monsterinsights_sitenote_note":"","_monsterinsights_sitenote_category":0,"spay_email":"","footnotes":""},"class_list":["post-16","page","type-page","status-publish","hentry"],"yoast_head":"<!-- This site is optimized with the Yoast SEO plugin v27.4 - https:\/\/yoast.com\/product\/yoast-seo-wordpress\/ -->\n<title>Lebensaufgabe Landwirtschaft - Unser Landvolk<\/title>\n<meta name=\"robots\" content=\"index, follow, max-snippet:-1, max-image-preview:large, max-video-preview:-1\" \/>\n<link rel=\"canonical\" href=\"https:\/\/unser-landvolk.de\/?page_id=16\" \/>\n<meta property=\"og:locale\" content=\"de_DE\" \/>\n<meta property=\"og:type\" content=\"article\" \/>\n<meta property=\"og:title\" content=\"Lebensaufgabe Landwirtschaft - Unser Landvolk\" \/>\n<meta property=\"og:description\" content=\"Auf unserer Titelseite \u201eUnser Landvolk\u201c ist eine junge Landwirtin zu sehen. In einem mit ihr gef\u00fchrten Interview beleuchten wir Themen wie Ausbildung oder auch Sorgen des Nachwuchses in der Landwirtschaft. Einfach bewusst machen was zu diesem Job, dieser Lebensaufgabe, dazu geh\u00f6rt. Die Entwicklung im Bereich der Technik ist rasant, Drohnen [&hellip;]\" \/>\n<meta property=\"og:url\" content=\"https:\/\/unser-landvolk.de\/?page_id=16\" \/>\n<meta property=\"og:site_name\" content=\"Unser Landvolk\" \/>\n<meta property=\"article:modified_time\" content=\"2021-05-07T13:20:31+00:00\" \/>\n<meta property=\"og:image\" content=\"http:\/\/unser-landvolk.de\/wp-content\/uploads\/2021\/05\/Dirk-2020-1.jpg\" \/>\n<meta name=\"twitter:card\" content=\"summary_large_image\" \/>\n<meta name=\"twitter:label1\" content=\"Gesch\u00e4tzte Lesezeit\" \/>\n\t<meta name=\"twitter:data1\" content=\"2\u00a0Minuten\" \/>\n<script type=\"application\/ld+json\" class=\"yoast-schema-graph\">{\"@context\":\"https:\\\/\\\/schema.org\",\"@graph\":[{\"@type\":\"WebPage\",\"@id\":\"https:\\\/\\\/unser-landvolk.de\\\/?page_id=16\",\"url\":\"https:\\\/\\\/unser-landvolk.de\\\/?page_id=16\",\"name\":\"Lebensaufgabe Landwirtschaft - Unser Landvolk\",\"isPartOf\":{\"@id\":\"https:\\\/\\\/unser-landvolk.de\\\/#website\"},\"primaryImageOfPage\":{\"@id\":\"https:\\\/\\\/unser-landvolk.de\\\/?page_id=16#primaryimage\"},\"image\":{\"@id\":\"https:\\\/\\\/unser-landvolk.de\\\/?page_id=16#primaryimage\"},\"thumbnailUrl\":\"http:\\\/\\\/unser-landvolk.de\\\/wp-content\\\/uploads\\\/2021\\\/05\\\/Dirk-2020-1.jpg\",\"datePublished\":\"2021-03-01T07:49:02+00:00\",\"dateModified\":\"2021-05-07T13:20:31+00:00\",\"breadcrumb\":{\"@id\":\"https:\\\/\\\/unser-landvolk.de\\\/?page_id=16#breadcrumb\"},\"inLanguage\":\"de\",\"potentialAction\":[{\"@type\":\"ReadAction\",\"target\":[\"https:\\\/\\\/unser-landvolk.de\\\/?page_id=16\"]}]},{\"@type\":\"ImageObject\",\"inLanguage\":\"de\",\"@id\":\"https:\\\/\\\/unser-landvolk.de\\\/?page_id=16#primaryimage\",\"url\":\"https:\\\/\\\/unser-landvolk.de\\\/wp-content\\\/uploads\\\/2021\\\/05\\\/Dirk-2020-1.jpg\",\"contentUrl\":\"https:\\\/\\\/unser-landvolk.de\\\/wp-content\\\/uploads\\\/2021\\\/05\\\/Dirk-2020-1.jpg\",\"width\":250,\"height\":234},{\"@type\":\"BreadcrumbList\",\"@id\":\"https:\\\/\\\/unser-landvolk.de\\\/?page_id=16#breadcrumb\",\"itemListElement\":[{\"@type\":\"ListItem\",\"position\":1,\"name\":\"Startseite\",\"item\":\"https:\\\/\\\/unser-landvolk.de\\\/\"},{\"@type\":\"ListItem\",\"position\":2,\"name\":\"Lebensaufgabe Landwirtschaft\"}]},{\"@type\":\"WebSite\",\"@id\":\"https:\\\/\\\/unser-landvolk.de\\\/#website\",\"url\":\"https:\\\/\\\/unser-landvolk.de\\\/\",\"name\":\"Unser Landvolk\",\"description\":\"Landwirtschaft in Schaumburg\",\"publisher\":{\"@id\":\"https:\\\/\\\/unser-landvolk.de\\\/#organization\"},\"potentialAction\":[{\"@type\":\"SearchAction\",\"target\":{\"@type\":\"EntryPoint\",\"urlTemplate\":\"https:\\\/\\\/unser-landvolk.de\\\/?s={search_term_string}\"},\"query-input\":{\"@type\":\"PropertyValueSpecification\",\"valueRequired\":true,\"valueName\":\"search_term_string\"}}],\"inLanguage\":\"de\"},{\"@type\":\"Organization\",\"@id\":\"https:\\\/\\\/unser-landvolk.de\\\/#organization\",\"name\":\"Unser Landvolk\",\"url\":\"https:\\\/\\\/unser-landvolk.de\\\/\",\"logo\":{\"@type\":\"ImageObject\",\"inLanguage\":\"de\",\"@id\":\"https:\\\/\\\/unser-landvolk.de\\\/#\\\/schema\\\/logo\\\/image\\\/\",\"url\":\"https:\\\/\\\/unser-landvolk.de\\\/wp-content\\\/uploads\\\/2021\\\/05\\\/cropped-header-650x150-1.jpg\",\"contentUrl\":\"https:\\\/\\\/unser-landvolk.de\\\/wp-content\\\/uploads\\\/2021\\\/05\\\/cropped-header-650x150-1.jpg\",\"width\":1355,\"height\":260,\"caption\":\"Unser Landvolk\"},\"image\":{\"@id\":\"https:\\\/\\\/unser-landvolk.de\\\/#\\\/schema\\\/logo\\\/image\\\/\"}}]}<\/script>\n<!-- \/ Yoast SEO plugin. -->","yoast_head_json":{"title":"Lebensaufgabe Landwirtschaft - Unser Landvolk","robots":{"index":"index","follow":"follow","max-snippet":"max-snippet:-1","max-image-preview":"max-image-preview:large","max-video-preview":"max-video-preview:-1"},"canonical":"https:\/\/unser-landvolk.de\/?page_id=16","og_locale":"de_DE","og_type":"article","og_title":"Lebensaufgabe Landwirtschaft - Unser Landvolk","og_description":"Auf unserer Titelseite \u201eUnser Landvolk\u201c ist eine junge Landwirtin zu sehen. In einem mit ihr gef\u00fchrten Interview beleuchten wir Themen wie Ausbildung oder auch Sorgen des Nachwuchses in der Landwirtschaft. Einfach bewusst machen was zu diesem Job, dieser Lebensaufgabe, dazu geh\u00f6rt. Die Entwicklung im Bereich der Technik ist rasant, Drohnen [&hellip;]","og_url":"https:\/\/unser-landvolk.de\/?page_id=16","og_site_name":"Unser Landvolk","article_modified_time":"2021-05-07T13:20:31+00:00","og_image":[{"url":"http:\/\/unser-landvolk.de\/wp-content\/uploads\/2021\/05\/Dirk-2020-1.jpg","type":"","width":"","height":""}],"twitter_card":"summary_large_image","twitter_misc":{"Gesch\u00e4tzte Lesezeit":"2\u00a0Minuten"},"schema":{"@context":"https:\/\/schema.org","@graph":[{"@type":"WebPage","@id":"https:\/\/unser-landvolk.de\/?page_id=16","url":"https:\/\/unser-landvolk.de\/?page_id=16","name":"Lebensaufgabe Landwirtschaft - Unser Landvolk","isPartOf":{"@id":"https:\/\/unser-landvolk.de\/#website"},"primaryImageOfPage":{"@id":"https:\/\/unser-landvolk.de\/?page_id=16#primaryimage"},"image":{"@id":"https:\/\/unser-landvolk.de\/?page_id=16#primaryimage"},"thumbnailUrl":"http:\/\/unser-landvolk.de\/wp-content\/uploads\/2021\/05\/Dirk-2020-1.jpg","datePublished":"2021-03-01T07:49:02+00:00","dateModified":"2021-05-07T13:20:31+00:00","breadcrumb":{"@id":"https:\/\/unser-landvolk.de\/?page_id=16#breadcrumb"},"inLanguage":"de","potentialAction":[{"@type":"ReadAction","target":["https:\/\/unser-landvolk.de\/?page_id=16"]}]},{"@type":"ImageObject","inLanguage":"de","@id":"https:\/\/unser-landvolk.de\/?page_id=16#primaryimage","url":"https:\/\/unser-landvolk.de\/wp-content\/uploads\/2021\/05\/Dirk-2020-1.jpg","contentUrl":"https:\/\/unser-landvolk.de\/wp-content\/uploads\/2021\/05\/Dirk-2020-1.jpg","width":250,"height":234},{"@type":"BreadcrumbList","@id":"https:\/\/unser-landvolk.de\/?page_id=16#breadcrumb","itemListElement":[{"@type":"ListItem","position":1,"name":"Startseite","item":"https:\/\/unser-landvolk.de\/"},{"@type":"ListItem","position":2,"name":"Lebensaufgabe Landwirtschaft"}]},{"@type":"WebSite","@id":"https:\/\/unser-landvolk.de\/#website","url":"https:\/\/unser-landvolk.de\/","name":"Unser Landvolk","description":"Landwirtschaft in Schaumburg","publisher":{"@id":"https:\/\/unser-landvolk.de\/#organization"},"potentialAction":[{"@type":"SearchAction","target":{"@type":"EntryPoint","urlTemplate":"https:\/\/unser-landvolk.de\/?s={search_term_string}"},"query-input":{"@type":"PropertyValueSpecification","valueRequired":true,"valueName":"search_term_string"}}],"inLanguage":"de"},{"@type":"Organization","@id":"https:\/\/unser-landvolk.de\/#organization","name":"Unser Landvolk","url":"https:\/\/unser-landvolk.de\/","logo":{"@type":"ImageObject","inLanguage":"de","@id":"https:\/\/unser-landvolk.de\/#\/schema\/logo\/image\/","url":"https:\/\/unser-landvolk.de\/wp-content\/uploads\/2021\/05\/cropped-header-650x150-1.jpg","contentUrl":"https:\/\/unser-landvolk.de\/wp-content\/uploads\/2021\/05\/cropped-header-650x150-1.jpg","width":1355,"height":260,"caption":"Unser Landvolk"},"image":{"@id":"https:\/\/unser-landvolk.de\/#\/schema\/logo\/image\/"}}]}},"_links":{"self":[{"href":"https:\/\/unser-landvolk.de\/index.php?rest_route=\/wp\/v2\/pages\/16","targetHints":{"allow":["GET"]}}],"collection":[{"href":"https:\/\/unser-landvolk.de\/index.php?rest_route=\/wp\/v2\/pages"}],"about":[{"href":"https:\/\/unser-landvolk.de\/index.php?rest_route=\/wp\/v2\/types\/page"}],"author":[{"embeddable":true,"href":"https:\/\/unser-landvolk.de\/index.php?rest_route=\/wp\/v2\/users\/1"}],"replies":[{"embeddable":true,"href":"https:\/\/unser-landvolk.de\/index.php?rest_route=%2Fwp%2Fv2%2Fcomments&post=16"}],"version-history":[{"count":7,"href":"https:\/\/unser-landvolk.de\/index.php?rest_route=\/wp\/v2\/pages\/16\/revisions"}],"predecessor-version":[{"id":528,"href":"https:\/\/unser-landvolk.de\/index.php?rest_route=\/wp\/v2\/pages\/16\/revisions\/528"}],"wp:attachment":[{"href":"https:\/\/unser-landvolk.de\/index.php?rest_route=%2Fwp%2Fv2%2Fmedia&parent=16"}],"curies":[{"name":"wp","href":"https:\/\/api.w.org\/{rel}","templated":true}]}}